{"id":2019,"date":"2019-09-05T08:43:56","date_gmt":"2019-09-05T06:43:56","guid":{"rendered":"https:\/\/ecoburo.indianwebs.es\/colaboradores\/"},"modified":"2024-03-14T16:23:33","modified_gmt":"2024-03-14T15:23:33","slug":"col%c2%b7laboradors","status":"publish","type":"page","link":"https:\/\/ecoburo.com\/ca\/col%c2%b7laboradors\/","title":{"rendered":"Col\u00b7laboradors"},"content":{"rendered":"<h1>Col\u00b7laboradors<\/h1>\n<div>\n<p>L&#8217;evoluci\u00f3 del canvi tecnol\u00f2gic \u00e9s molt velo\u00e7 i els clients sempre demanen les darreres i millors t\u00e8cniques disponibles. <strong>Ecobur\u00f3<\/strong>\u00a0mant\u00e9 contacte amb una \u00e0mplia xarxa d&#8217;experts als seus camps d&#8217;actuaci\u00f3.<\/p>\n<p>Aquesta relaci\u00f3 es materialitza tant en la publicaci\u00f3 dels seus articles i treballs a la nostra avan\u00e7ada plataforma de publicaci\u00f3 t\u00e8cnica orientada a l&#8217;enginyeria ambiental, com en la subcontractaci\u00f3 de treballs t\u00e8cnics en les seves especialitats.<\/p>\n<p>Si us interessa cooperar amb nosaltres, envieu-nos aquest formulari.<\/p>\n<\/div>\n<div>\n\n<div class=\"wpcf7 no-js\" id=\"wpcf7-f2092-o1\" lang=\"ca\" dir=\"ltr\">\n<div class=\"screen-reader-response\"><p role=\"status\" aria-live=\"polite\" aria-atomic=\"true\"><\/p> <ul><\/ul><\/div>\n<form action=\"\/ca\/wp-json\/wp\/v2\/pages\/2019#wpcf7-f2092-o1\" method=\"post\" class=\"wpcf7-form init\" aria-label=\"Formulari de contacte\" enctype=\"multipart\/form-data\" novalidate=\"novalidate\" data-status=\"init\">\n<div style=\"display: none;\">\n<input type=\"hidden\" name=\"_wpcf7\" value=\"2092\" \/>\n<input type=\"hidden\" name=\"_wpcf7_version\" value=\"5.9.6\" \/>\n<input type=\"hidden\" name=\"_wpcf7_locale\" value=\"ca\" \/>\n<input type=\"hidden\" name=\"_wpcf7_unit_tag\" value=\"wpcf7-f2092-o1\" \/>\n<input type=\"hidden\" name=\"_wpcf7_container_post\" value=\"0\" \/>\n<input type=\"hidden\" name=\"_wpcf7_posted_data_hash\" value=\"\" \/>\n<input type=\"hidden\" name=\"_wpcf7_recaptcha_response\" value=\"\" \/>\n<\/div>\n<div class=\"uk-grid-small\" uk-grid>\n\t<div class=\"uk-width-1-1@m\">\n\t\t<p class=\"uk-margin-top uk-heading-line uk-text-right\"><span>Dades de contacte<\/span>\n\t\t<\/p>\n\t<\/div>\n\t<div class=\"uk-width-1-3@m\">\n\t\t<p><span class=\"wpcf7-form-control-wrap\" data-name=\"nombre\"><input size=\"40\" maxlength=\"80\" class=\"wpcf7-form-control wpcf7-text wpcf7-validates-as-required uk-input\" aria-required=\"true\" aria-invalid=\"false\" placeholder=\"Nom *\" value=\"\" type=\"text\" name=\"nombre\" \/><\/span>\n\t\t<\/p>\n\t<\/div>\n\t<div class=\"uk-width-1-3@m\">\n\t\t<p><span class=\"wpcf7-form-control-wrap\" data-name=\"email\"><input size=\"40\" maxlength=\"80\" class=\"wpcf7-form-control wpcf7-email wpcf7-validates-as-required wpcf7-text wpcf7-validates-as-email uk-input\" aria-required=\"true\" aria-invalid=\"false\" placeholder=\"Email *\" value=\"\" type=\"email\" name=\"email\" \/><\/span>\n\t\t<\/p>\n\t<\/div>\n\t<div class=\"uk-width-1-3@m\">\n\t\t<p><span class=\"wpcf7-form-control-wrap\" data-name=\"telefono\"><input size=\"40\" maxlength=\"80\" class=\"wpcf7-form-control wpcf7-tel wpcf7-validates-as-required wpcf7-text wpcf7-validates-as-tel uk-input\" aria-required=\"true\" aria-invalid=\"false\" placeholder=\"Tel\u00e8fon *\" value=\"\" type=\"tel\" name=\"telefono\" \/><\/span>\n\t\t<\/p>\n\t<\/div>\n\t<div class=\"uk-width-1-1@m\">\n\t\t<p class=\"uk-margin-top uk-heading-line uk-text-right\"><span>Motiu de la col\u00b7laboraci\u00f3 <\/span>\n\t\t<\/p>\n\t<\/div>\n\t<div class=\"uk-width-1-3@m\">\n\t\t<p><span class=\"wpcf7-form-control-wrap\" data-name=\"tipo\"><select class=\"wpcf7-form-control wpcf7-select wpcf7-validates-as-required uk-select\" aria-required=\"true\" aria-invalid=\"false\" name=\"tipo\"><option value=\"\">&#8212;Trieu una opci\u00f3&#8212;<\/option><option value=\"Freelance\">Freelance<\/option><option value=\"Aut\u00f2nom\">Aut\u00f2nom<\/option><option value=\"Empresa\">Empresa<\/option><option value=\"Estudiant\">Estudiant<\/option><option value=\"Profesional\">Profesional<\/option><option value=\"Altres\">Altres<\/option><\/select><\/span>\n\t\t<\/p>\n\t<\/div>\n\t<div class=\"uk-width-1-3@m\">\n\t\t<p><span class=\"wpcf7-form-control-wrap\" data-name=\"area\"><input size=\"40\" maxlength=\"80\" class=\"wpcf7-form-control wpcf7-text wpcf7-validates-as-required uk-input\" aria-required=\"true\" aria-invalid=\"false\" placeholder=\"\u00c0rea d&#039;inter\u00e8s *\" value=\"\" type=\"text\" name=\"area\" \/><\/span>\n\t\t<\/p>\n\t<\/div>\n\t<div class=\"uk-width-1-3@m\">\n\t\t<p><span class=\"wpcf7-form-control-wrap\" data-name=\"especialidad\"><input size=\"40\" maxlength=\"80\" class=\"wpcf7-form-control wpcf7-text wpcf7-validates-as-required uk-input\" aria-required=\"true\" aria-invalid=\"false\" placeholder=\"Especialitat *\" value=\"\" type=\"text\" name=\"especialidad\" \/><\/span>\n\t\t<\/p>\n\t<\/div>\n\t<div class=\"uk-width-1-1\">\n\t\t<p><span class=\"wpcf7-form-control-wrap\" data-name=\"mensaje\"><textarea cols=\"40\" rows=\"6\" maxlength=\"400\" class=\"wpcf7-form-control wpcf7-textarea uk-textarea\" aria-invalid=\"false\" placeholder=\"Missatge *\" name=\"mensaje\"><\/textarea><\/span>\n\t\t<\/p>\n\t<\/div>\n\t<div class=\"uk-width-1-1\">\n\t\t<p><span class=\"wpcf7-form-control-wrap\" data-name=\"adjunto\"><input size=\"40\" class=\"wpcf7-form-control wpcf7-file uk-placeholder uk-width-1-1\" accept=\".jpg,.jpeg,.gif,.png,.txt,.pdf\" aria-invalid=\"false\" type=\"file\" name=\"adjunto\" \/><\/span>\n\t\t<\/p>\n\t<\/div>\n\t<div class=\"uk-width-1-1 uk-legal\">\n\t\t<p><span class=\"wpcf7-form-control-wrap\" data-name=\"Legal\"><span class=\"wpcf7-form-control wpcf7-acceptance\"><span class=\"wpcf7-list-item\"><input type=\"checkbox\" name=\"Legal\" value=\"1\" aria-invalid=\"false\" \/><\/span><\/span><\/span>He llegit i accepto la <a href=\"\/politica-de-privacidad\/\" target=\"_blank\">Pol\u00edtica de privacitat<\/a>.\n\t\t<\/p>\n\t<\/div>\n\t<div class=\"uk-width-1-1\">\n\t\t<p><input class=\"wpcf7-form-control wpcf7-submit has-spinner uk-button uk-button-primary\" type=\"submit\" value=\"Enviar\" \/>\n\t\t<\/p>\n\t<\/div>\n<\/div><div class=\"wpcf7-response-output\" aria-hidden=\"true\"><\/div>\n<\/form>\n<\/div>\n<\/div>\n<p><!--more--><br \/>\n<!-- {\"type\":\"layout\",\"children\":[{\"type\":\"section\",\"props\":{\"class\":\"XP_sky\",\"image_position\":\"center-center\",\"image_size\":\"cover\",\"media_overlay\":\"rgba(163, 205, 255, 0.5)\",\"padding\":\"large\",\"style\":\"secondary\",\"title_breakpoint\":\"xl\",\"title_position\":\"top-left\",\"title_rotation\":\"left\",\"vertical_align\":\"middle\",\"width\":\"large\"},\"children\":[{\"type\":\"row\",\"children\":[{\"type\":\"column\",\"props\":{\"image_position\":\"center-center\",\"position_sticky_breakpoint\":\"m\"},\"children\":[{\"type\":\"headline\",\"props\":{\"content\":\"Col\\u00b7laboradors\",\"text_align\":\"center\",\"title_element\":\"h1\"}}]}]}]},{\"type\":\"section\",\"props\":{\"animation_delay\":\"200\",\"image_position\":\"center-center\",\"style\":\"default\",\"title_breakpoint\":\"xl\",\"title_position\":\"top-left\",\"title_rotation\":\"left\",\"vertical_align\":\"middle\",\"width\":\"large\"},\"children\":[{\"type\":\"row\",\"children\":[{\"type\":\"column\",\"props\":{\"image_position\":\"center-center\",\"position_sticky_breakpoint\":\"m\"},\"children\":[{\"type\":\"text\",\"props\":{\"column_breakpoint\":\"m\",\"content\":\"\n\n<p>L'evoluci\\u00f3 del canvi tecnol\\u00f2gic \\u00e9s molt velo\\u00e7 i els clients sempre demanen les darreres i millors t\\u00e8cniques disponibles. <strong>Ecobur\\u00f3<\\\/strong>\\u00a0mant\\u00e9 contacte amb una \\u00e0mplia xarxa d'experts als seus camps d'actuaci\\u00f3.<\\\/p>\\n\n\n<p>Aquesta relaci\\u00f3 es materialitza tant en la publicaci\\u00f3 dels seus articles i treballs a la nostra avan\\u00e7ada plataforma de publicaci\\u00f3 t\\u00e8cnica orientada a l'enginyeria ambiental, com en la subcontractaci\\u00f3 de treballs t\\u00e8cnics en les seves especialitats.<\\\/p>\\n\n\n<p>Si us interessa cooperar amb nosaltres, envieu-nos aquest formulari.<\\\/p>\",\"margin\":\"default\"}}]}]}]},{\"type\":\"section\",\"props\":{\"animation_delay\":\"200\",\"image_position\":\"center-center\",\"style\":\"muted\",\"title_breakpoint\":\"xl\",\"title_position\":\"top-left\",\"title_rotation\":\"left\",\"vertical_align\":\"middle\",\"width\":\"large\"},\"children\":[{\"type\":\"row\",\"children\":[{\"type\":\"column\",\"props\":{\"image_position\":\"center-center\",\"position_sticky_breakpoint\":\"m\"},\"children\":[{\"type\":\"html\",\"props\":{\"content\":\"[contact-form-7 id=\\\"1933\\\" title=\\\"Form Colaboradores\\\"]\"}}]}]},{\"type\":\"row\",\"children\":[{\"type\":\"column\",\"props\":{\"image_position\":\"center-center\",\"position_sticky_breakpoint\":\"m\"},\"children\":[{\"type\":\"alert\",\"props\":{\"alert_style\":\"primary\",\"content\":\"\n\n<p>Si vols treballar amb nosaltres, omple el formulari a la seg\\u00fcent p\\u00e0gina.<\\\/p>\",\"link\":\"\\\/ca\\\/treballa-amb-nosaltres\\\/\",\"text_align\":\"center\",\"title\":\"Treballa amb nosaltres\",\"title_element\":\"h3\"}}]}],\"props\":{\"status\":\"disabled\"}}]}],\"version\":\"4.0.12\"} --><\/p>\n","protected":false},"excerpt":{"rendered":"<p>Col\u00b7laboradors L&#8217;evoluci\u00f3 del canvi tecnol\u00f2gic \u00e9s molt velo\u00e7 i els clients sempre demanen les darreres i millors t\u00e8cniques disponibles. Ecobur\u00f3\u00a0mant\u00e9 contacte amb una \u00e0mplia xarxa d&#8217;experts als seus camps d&#8217;actuaci\u00f3. Aquesta relaci\u00f3 es materialitza tant en la publicaci\u00f3 dels seus articles i treballs a la nostra avan\u00e7ada plataforma de publicaci\u00f3 t\u00e8cnica orientada a l&#8217;enginyeria ambiental, [&hellip;]<\/p>\n","protected":false},"author":1,"featured_media":0,"parent":0,"menu_order":4,"comment_status":"closed","ping_status":"closed","template":"","meta":{"_acf_changed":false,"footnotes":""},"class_list":["post-2019","page","type-page","status-publish","hentry"],"acf":[],"yoast_head":"<!-- This site is optimized with the Yoast SEO plugin v22.9 - https:\/\/yoast.com\/wordpress\/plugins\/seo\/ -->\n<title>Col\u00b7laboradors - Ecoburo<\/title>\n<meta name=\"robots\" content=\"index, follow, max-snippet:-1, max-image-preview:large, max-video-preview:-1\" \/>\n<link rel=\"canonical\" href=\"https:\/\/ecoburo.com\/ca\/col\u00b7laboradors\/\" \/>\n<meta property=\"og:locale\" content=\"ca_ES\" \/>\n<meta property=\"og:type\" content=\"article\" \/>\n<meta property=\"og:title\" content=\"Col\u00b7laboradors - Ecoburo\" \/>\n<meta property=\"og:description\" content=\"Col\u00b7laboradors L&#8217;evoluci\u00f3 del canvi tecnol\u00f2gic \u00e9s molt velo\u00e7 i els clients sempre demanen les darreres i millors t\u00e8cniques disponibles. Ecobur\u00f3\u00a0mant\u00e9 contacte amb una \u00e0mplia xarxa d&#8217;experts als seus camps d&#8217;actuaci\u00f3. Aquesta relaci\u00f3 es materialitza tant en la publicaci\u00f3 dels seus articles i treballs a la nostra avan\u00e7ada plataforma de publicaci\u00f3 t\u00e8cnica orientada a l&#8217;enginyeria ambiental, [&hellip;]\" \/>\n<meta property=\"og:url\" content=\"https:\/\/ecoburo.com\/ca\/col\u00b7laboradors\/\" \/>\n<meta property=\"og:site_name\" content=\"Ecoburo\" \/>\n<meta property=\"article:modified_time\" content=\"2024-03-14T15:23:33+00:00\" \/>\n<meta name=\"twitter:card\" content=\"summary_large_image\" \/>\n<script type=\"application\/ld+json\" class=\"yoast-schema-graph\">{\"@context\":\"https:\/\/schema.org\",\"@graph\":[{\"@type\":\"WebPage\",\"@id\":\"https:\/\/ecoburo.com\/ca\/col%c2%b7laboradors\/\",\"url\":\"https:\/\/ecoburo.com\/ca\/col%c2%b7laboradors\/\",\"name\":\"Col\u00b7laboradors - Ecoburo\",\"isPartOf\":{\"@id\":\"https:\/\/ecoburo.com\/#website\"},\"datePublished\":\"2019-09-05T06:43:56+00:00\",\"dateModified\":\"2024-03-14T15:23:33+00:00\",\"breadcrumb\":{\"@id\":\"https:\/\/ecoburo.com\/ca\/col%c2%b7laboradors\/#breadcrumb\"},\"inLanguage\":\"ca\",\"potentialAction\":[{\"@type\":\"ReadAction\",\"target\":[\"https:\/\/ecoburo.com\/ca\/col%c2%b7laboradors\/\"]}]},{\"@type\":\"BreadcrumbList\",\"@id\":\"https:\/\/ecoburo.com\/ca\/col%c2%b7laboradors\/#breadcrumb\",\"itemListElement\":[{\"@type\":\"ListItem\",\"position\":1,\"name\":\"Portada\",\"item\":\"https:\/\/ecoburo.com\/\"},{\"@type\":\"ListItem\",\"position\":2,\"name\":\"Col\u00b7laboradors\"}]},{\"@type\":\"WebSite\",\"@id\":\"https:\/\/ecoburo.com\/#website\",\"url\":\"https:\/\/ecoburo.com\/\",\"name\":\"Ecoburo\",\"description\":\"\",\"publisher\":{\"@id\":\"https:\/\/ecoburo.com\/#organization\"},\"potentialAction\":[{\"@type\":\"SearchAction\",\"target\":{\"@type\":\"EntryPoint\",\"urlTemplate\":\"https:\/\/ecoburo.com\/?s={search_term_string}\"},\"query-input\":\"required name=search_term_string\"}],\"inLanguage\":\"ca\"},{\"@type\":\"Organization\",\"@id\":\"https:\/\/ecoburo.com\/#organization\",\"name\":\"Ecoburo\",\"url\":\"https:\/\/ecoburo.com\/\",\"logo\":{\"@type\":\"ImageObject\",\"inLanguage\":\"ca\",\"@id\":\"https:\/\/ecoburo.com\/#\/schema\/logo\/image\/\",\"url\":\"https:\/\/ecoburo.com\/wp-content\/uploads\/2023\/07\/logoecoburo-logo_favicon.png\",\"contentUrl\":\"https:\/\/ecoburo.com\/wp-content\/uploads\/2023\/07\/logoecoburo-logo_favicon.png\",\"width\":252,\"height\":250,\"caption\":\"Ecoburo\"},\"image\":{\"@id\":\"https:\/\/ecoburo.com\/#\/schema\/logo\/image\/\"}}]}<\/script>\n<!-- \/ Yoast SEO plugin. -->","yoast_head_json":{"title":"Col\u00b7laboradors - Ecoburo","robots":{"index":"index","follow":"follow","max-snippet":"max-snippet:-1","max-image-preview":"max-image-preview:large","max-video-preview":"max-video-preview:-1"},"canonical":"https:\/\/ecoburo.com\/ca\/col\u00b7laboradors\/","og_locale":"ca_ES","og_type":"article","og_title":"Col\u00b7laboradors - Ecoburo","og_description":"Col\u00b7laboradors L&#8217;evoluci\u00f3 del canvi tecnol\u00f2gic \u00e9s molt velo\u00e7 i els clients sempre demanen les darreres i millors t\u00e8cniques disponibles. Ecobur\u00f3\u00a0mant\u00e9 contacte amb una \u00e0mplia xarxa d&#8217;experts als seus camps d&#8217;actuaci\u00f3. Aquesta relaci\u00f3 es materialitza tant en la publicaci\u00f3 dels seus articles i treballs a la nostra avan\u00e7ada plataforma de publicaci\u00f3 t\u00e8cnica orientada a l&#8217;enginyeria ambiental, [&hellip;]","og_url":"https:\/\/ecoburo.com\/ca\/col\u00b7laboradors\/","og_site_name":"Ecoburo","article_modified_time":"2024-03-14T15:23:33+00:00","twitter_card":"summary_large_image","schema":{"@context":"https:\/\/schema.org","@graph":[{"@type":"WebPage","@id":"https:\/\/ecoburo.com\/ca\/col%c2%b7laboradors\/","url":"https:\/\/ecoburo.com\/ca\/col%c2%b7laboradors\/","name":"Col\u00b7laboradors - Ecoburo","isPartOf":{"@id":"https:\/\/ecoburo.com\/#website"},"datePublished":"2019-09-05T06:43:56+00:00","dateModified":"2024-03-14T15:23:33+00:00","breadcrumb":{"@id":"https:\/\/ecoburo.com\/ca\/col%c2%b7laboradors\/#breadcrumb"},"inLanguage":"ca","potentialAction":[{"@type":"ReadAction","target":["https:\/\/ecoburo.com\/ca\/col%c2%b7laboradors\/"]}]},{"@type":"BreadcrumbList","@id":"https:\/\/ecoburo.com\/ca\/col%c2%b7laboradors\/#breadcrumb","itemListElement":[{"@type":"ListItem","position":1,"name":"Portada","item":"https:\/\/ecoburo.com\/"},{"@type":"ListItem","position":2,"name":"Col\u00b7laboradors"}]},{"@type":"WebSite","@id":"https:\/\/ecoburo.com\/#website","url":"https:\/\/ecoburo.com\/","name":"Ecoburo","description":"","publisher":{"@id":"https:\/\/ecoburo.com\/#organization"},"potentialAction":[{"@type":"SearchAction","target":{"@type":"EntryPoint","urlTemplate":"https:\/\/ecoburo.com\/?s={search_term_string}"},"query-input":"required name=search_term_string"}],"inLanguage":"ca"},{"@type":"Organization","@id":"https:\/\/ecoburo.com\/#organization","name":"Ecoburo","url":"https:\/\/ecoburo.com\/","logo":{"@type":"ImageObject","inLanguage":"ca","@id":"https:\/\/ecoburo.com\/#\/schema\/logo\/image\/","url":"https:\/\/ecoburo.com\/wp-content\/uploads\/2023\/07\/logoecoburo-logo_favicon.png","contentUrl":"https:\/\/ecoburo.com\/wp-content\/uploads\/2023\/07\/logoecoburo-logo_favicon.png","width":252,"height":250,"caption":"Ecoburo"},"image":{"@id":"https:\/\/ecoburo.com\/#\/schema\/logo\/image\/"}}]}},"_links":{"self":[{"href":"https:\/\/ecoburo.com\/ca\/wp-json\/wp\/v2\/pages\/2019","targetHints":{"allow":["GET"]}}],"collection":[{"href":"https:\/\/ecoburo.com\/ca\/wp-json\/wp\/v2\/pages"}],"about":[{"href":"https:\/\/ecoburo.com\/ca\/wp-json\/wp\/v2\/types\/page"}],"author":[{"embeddable":true,"href":"https:\/\/ecoburo.com\/ca\/wp-json\/wp\/v2\/users\/1"}],"replies":[{"embeddable":true,"href":"https:\/\/ecoburo.com\/ca\/wp-json\/wp\/v2\/comments?post=2019"}],"version-history":[{"count":5,"href":"https:\/\/ecoburo.com\/ca\/wp-json\/wp\/v2\/pages\/2019\/revisions"}],"predecessor-version":[{"id":2246,"href":"https:\/\/ecoburo.com\/ca\/wp-json\/wp\/v2\/pages\/2019\/revisions\/2246"}],"wp:attachment":[{"href":"https:\/\/ecoburo.com\/ca\/wp-json\/wp\/v2\/media?parent=2019"}],"curies":[{"name":"wp","href":"https:\/\/api.w.org\/{rel}","templated":true}]}}