{"id":2018,"date":"2019-09-05T08:43:56","date_gmt":"2019-09-05T06:43:56","guid":{"rendered":"https:\/\/ecoburo.indianwebs.es\/nosaltres\/"},"modified":"2024-03-14T16:23:33","modified_gmt":"2024-03-14T15:23:33","slug":"nosaltres","status":"publish","type":"page","link":"https:\/\/ecoburo.com\/ca\/nosaltres\/","title":{"rendered":"Nosaltres"},"content":{"rendered":"<h1>Nosaltres<\/h1>\n<h2>Ecobur\u00f3 \u00e9s una Enginyeria i Consultoria integral t\u00e8cnica, jur\u00eddica i social al camp del Medi Ambient.<\/h2>\n<div>Disposem d\u00b4un equip d\u00b4experts professionals preparats per a donar una resposta <strong>r\u00e0pida<\/strong>, <strong>efectiva<\/strong> i <strong>econ\u00f2mica<\/strong> al compliment d\u00b4una normativa de protecci\u00f3 ambiental cada vegada m\u00e9s exigent.<\/div>\n<p><img decoding=\"async\" src=\"\/wp-content\/uploads\/2023\/05\/FOTO_FEINA_JOAN-okey.png\" alt=\"\"><\/p>\n<h2>Enginyeria \u2013 Consultoria integral<\/h2>\n<ul>\n<li>\n<p>        <img decoding=\"async\" src=\"\/wp-content\/uploads\/2023\/05\/canadian-maple-leaf.svg\" alt=\"\"><\/p>\n<div>\n<p>Compatibilitzem l&#8217;activitat productiva i mercantil amb les exig\u00e8ncies ambientals de la societat del segle XXI.<\/p>\n<\/div>\n<\/li>\n<li>\n<p>        <img decoding=\"async\" src=\"\/wp-content\/uploads\/2023\/05\/sun-solid.svg\" alt=\"\"><\/p>\n<div>\n<p>Assumim el nostre comprom\u00eds amb la protecci\u00f3 i la millora del Medi Ambient, anticipant-nos a les exig\u00e8ncies de la normativa internacional.<\/p>\n<\/div>\n<\/li>\n<li>\n<p>        <img decoding=\"async\" src=\"\/wp-content\/uploads\/2023\/05\/clipboard-question-solid.svg\" alt=\"\"><\/p>\n<div>\n<p>Garantim un servei integral de qualitat en mat\u00e8ria mediambiental tant en serveis d\u00b4assessorament com en solucions d\u00b4enginyeria.<\/p>\n<\/div>\n<\/li>\n<\/ul>\n<div>\n<p>Hem desenvolupat un sistema d&#8217;assessoria-consultoria mediambiental externa o outsourcing mediambiental que s&#8217;adapta a les particularitats de cada empresa o grup d&#8217;empreses.<br \/>Depenent de les vostres necessitats i prefer\u00e8ncies, la vostra empresa podr\u00e0 beneficiar-se sempre del conjunt parcial o total dels nostres serveis a les \u00c0rees de Gesti\u00f3 Mediambiental.<\/p>\n<\/div>\n<h2>Per qu\u00e8 assessoria mediambiental externa?<\/h2>\n<div>\n<p>Des de les petites i mitjanes empreses que no poden disposar en plantilla de personal expert multidisciplinar a la tem\u00e0tica mediambiental, fins a les grans empreses que requereixen un Staff que vetlli sempre per la prevenci\u00f3 i les millores del seu rendiment ambiental; Ecobur\u00f3 aporta efectivitat i solucions acords amb les necessitats de cada tipus d&#8217;activitat.<\/p>\n<\/div>\n<div>\n<p>Permeteu-nos actuar com el Departament de Medi Ambient de la vostra empresa, format pel millor equip, que a m\u00e9s de respondre clarament a les expectatives t\u00e8cniques i legals, desenvolupa una tasca t\u00e8cnica impecable.<\/p>\n<\/div>\n<h2>Avantatges d&#8217;Ecobur\u00f3<\/h2>\n<div>\n<p>Amb el nostre servei <strong>d&#8217;assessoria mediambiental externa<\/strong> us proporcionem els avantatges seg\u00fcents:<\/p>\n<\/div>\n<ul>\n<li>\n<div>\n<p>Realitzaci\u00f3 de totes les tramitacions mediambientals i informaci\u00f3 puntual i regular sobre la seva evoluci\u00f3 administrativa.<\/p>\n<\/div>\n<\/li>\n<li>\n<div>\n<p>Sol\u00b7licitud de permisos, obtenci\u00f3 i renovaci\u00f3 de llic\u00e8ncies ambientals de manera r\u00e0pida i efica\u00e7.<\/p>\n<\/div>\n<\/li>\n<li>\n<div>\n<p>Optimitzaci\u00f3 dels seus grav\u00e0mens i tributs relacionats amb el medi ambient.<\/p>\n<\/div>\n<\/li>\n<li>\n<div>\n<p>Optimitzaci\u00f3 d&#8217;ocupaci\u00f3 innecess\u00e0ria de temps del personal altament qualificat a la vostra empresa, en no haver d&#8217;emprar-lo en la redacci\u00f3 projectes, tr\u00e0mits i informes en resposta a notificacions rebudes de l&#8217;Administraci\u00f3 Ambiental.<\/p>\n<\/div>\n<\/li>\n<li>\n<div>\n<p>Reducci\u00f3 en la dedicaci\u00f3 que ha de prestar a la lectura minuciosa de la complexa normativa mediambiental: Ecobur\u00f3 li remet comentaris espec\u00edfics sobre la normativa estrictament d&#8217;aplicaci\u00f3 a la seva empresa i at\u00e9n totes les seves consultes legals. Ecobur\u00f3, filtra la informaci\u00f3 per vost\u00e8 i evitar consultes a bases inform\u00e0tiques extenses.<\/p>\n<\/div>\n<\/li>\n<li>\n<div>\n<p>Efici\u00e8ncia en el disseny, l&#8217;execuci\u00f3 i la legalitzaci\u00f3 d&#8217;instal\u00b7lacions mitjan\u00e7ant enginyeria de projectes especialitzada.<\/p>\n<\/div>\n<\/li>\n<li>\n<div>\n<p>Actuem com a conseller mediambiental i interlocutor intermediari amb l&#8217;Administraci\u00f3. D&#8217;aquesta manera s&#8217;eviten possibles errors o equ\u00edvocs en la comunicaci\u00f3 de dades i informes; els quals, si no es disposa de la pr\u00e0ctica necess\u00e0ria, de vegades poden desfavorir la relaci\u00f3 amb les diferents compet\u00e8ncies i portar als resultats inesperats.<\/p>\n<\/div>\n<\/li>\n<\/ul>\n<p><!--more--><br \/>\n<!-- {\"type\":\"layout\",\"children\":[{\"type\":\"section\",\"props\":{\"class\":\"XP_sky\",\"image_position\":\"center-center\",\"image_size\":\"cover\",\"media_overlay\":\"rgba(163, 205, 255, 0.5)\",\"padding\":\"large\",\"style\":\"secondary\",\"title_breakpoint\":\"xl\",\"title_position\":\"top-left\",\"title_rotation\":\"left\",\"vertical_align\":\"middle\",\"width\":\"large\"},\"children\":[{\"type\":\"row\",\"children\":[{\"type\":\"column\",\"props\":{\"image_position\":\"center-center\",\"position_sticky_breakpoint\":\"m\"},\"children\":[{\"type\":\"headline\",\"props\":{\"content\":\"Nosaltres\",\"text_align\":\"center\",\"title_element\":\"h1\"}}]}]}]},{\"type\":\"section\",\"props\":{\"image_position\":\"center-center\",\"padding_remove_bottom\":true,\"style\":\"default\",\"title_breakpoint\":\"xl\",\"title_position\":\"top-left\",\"title_rotation\":\"left\",\"vertical_align\":\"middle\",\"width\":\"large\"},\"children\":[{\"type\":\"row\",\"children\":[{\"type\":\"column\",\"props\":{\"image_position\":\"center-center\",\"position_sticky_breakpoint\":\"m\",\"vertical_align\":\"middle\",\"width_medium\":\"2-3\"},\"children\":[{\"type\":\"headline\",\"props\":{\"content\":\"Ecobur\\u00f3 \\u00e9s una Enginyeria i Consultoria integral t\\u00e8cnica, jur\\u00eddica i social al camp del Medi Ambient.\",\"text_align\":\"center\",\"title_element\":\"h2\",\"title_style\":\"h4\"}},{\"type\":\"headline\",\"props\":{\"content\":\"Disposem d\\u00b4un equip d\\u00b4experts professionals preparats per a donar una resposta <strong>r\\u00e0pida<\\\/strong>, <strong>efectiva<\\\/strong> i <strong>econ\\u00f2mica<\\\/strong> al compliment d\\u00b4una normativa de protecci\\u00f3 ambiental cada vegada m\\u00e9s exigent.\",\"title_element\":\"div\"}}]},{\"type\":\"column\",\"props\":{\"image_position\":\"center-center\",\"position_sticky_breakpoint\":\"m\",\"width_medium\":\"1-3\"},\"children\":[{\"type\":\"image\",\"props\":{\"image\":\"wp-content\\\/uploads\\\/2023\\\/05\\\/FOTO_FEINA_JOAN-okey.png\",\"image_svg_color\":\"emphasis\",\"margin\":\"default\",\"text_align\":\"center\"}}]}],\"props\":{\"layout\":\"2-3,1-3\"}}]},{\"type\":\"section\",\"props\":{\"animation_delay\":\"200\",\"image_position\":\"center-center\",\"style\":\"muted\",\"title_breakpoint\":\"xl\",\"title_position\":\"top-left\",\"title_rotation\":\"left\",\"vertical_align\":\"middle\",\"width\":\"large\"},\"children\":[{\"type\":\"row\",\"children\":[{\"type\":\"column\",\"props\":{\"image_position\":\"center-center\",\"position_sticky_breakpoint\":\"m\"},\"children\":[{\"type\":\"headline\",\"props\":{\"animation\":\"none\",\"content\":\"Enginyeria \\u2013 Consultoria integral\",\"title_color\":\"primary\",\"title_element\":\"h2\"}}]}]},{\"type\":\"row\",\"children\":[{\"type\":\"column\",\"props\":{\"image_position\":\"center-center\",\"position_sticky_breakpoint\":\"m\"},\"children\":[{\"type\":\"grid\",\"props\":{\"attributes\":\"uk-scrollspy= cls: uk-animation-scale-down; repeat: true; delay: 300; target: .uk-tile-default;\",\"content_column_breakpoint\":\"m\",\"filter_align\":\"left\",\"filter_all\":true,\"filter_grid_breakpoint\":\"m\",\"filter_grid_width\":\"auto\",\"filter_position\":\"top\",\"filter_style\":\"tab\",\"grid_default\":\"1\",\"grid_medium\":\"3\",\"icon_width\":80,\"image_align\":\"top\",\"image_grid_breakpoint\":\"m\",\"image_grid_width\":\"1-2\",\"image_height\":\"80\",\"image_svg_animate\":false,\"image_svg_color\":\"muted\",\"image_svg_inline\":true,\"item_animation\":true,\"link_style\":\"default\",\"link_text\":\"Read more\",\"margin\":\"default\",\"meta_align\":\"below-title\",\"meta_element\":\"div\",\"meta_style\":\"text-meta\",\"panel_padding\":\"small\",\"panel_style\":\"tile-default\",\"show_content\":true,\"show_image\":true,\"show_link\":true,\"show_meta\":true,\"show_title\":true,\"text_align\":\"center\",\"title_align\":\"top\",\"title_element\":\"h3\",\"title_grid_breakpoint\":\"m\",\"title_grid_width\":\"1-2\",\"title_hover_style\":\"reset\"},\"children\":[{\"type\":\"grid_item\",\"props\":{\"content\":\"\n\n<p>Compatibilitzem l'activitat productiva i mercantil amb les exig\\u00e8ncies ambientals de la societat del segle XXI.<\\\/p>\",\"icon\":\"\",\"image\":\"wp-content\\\/uploads\\\/2023\\\/05\\\/canadian-maple-leaf.svg\",\"title\":\"\"}},{\"type\":\"grid_item\",\"props\":{\"content\":\"\n\n<p>Assumim el nostre comprom\\u00eds amb la protecci\\u00f3 i la millora del Medi Ambient, anticipant-nos a les exig\\u00e8ncies de la normativa internacional.<\\\/p>\",\"icon\":\"\",\"image\":\"wp-content\\\/uploads\\\/2023\\\/05\\\/sun-solid.svg\",\"title\":\"\"}},{\"type\":\"grid_item\",\"props\":{\"content\":\"\n\n<p>Garantim un servei integral de qualitat en mat\\u00e8ria mediambiental tant en serveis d\\u00b4assessorament com en solucions d\\u00b4enginyeria.<\\\/p>\",\"icon\":\"\",\"image\":\"wp-content\\\/uploads\\\/2023\\\/05\\\/clipboard-question-solid.svg\",\"title\":\"\"}}]}]}]},{\"type\":\"row\",\"children\":[{\"type\":\"column\",\"props\":{\"image_position\":\"center-center\",\"position_sticky_breakpoint\":\"m\"},\"children\":[{\"type\":\"text\",\"props\":{\"animation\":\"none\",\"column_breakpoint\":\"m\",\"content\":\"\n\n<p>Hem desenvolupat un sistema d'assessoria-consultoria mediambiental externa o outsourcing mediambiental que s'adapta a les particularitats de cada empresa o grup d'empreses.<br \\\/>Depenent de les vostres necessitats i prefer\\u00e8ncies, la vostra empresa podr\\u00e0 beneficiar-se sempre del conjunt parcial o total dels nostres serveis a les \\u00c0rees de Gesti\\u00f3 Mediambiental.<\\\/p>\",\"margin\":\"default\"}}]}]}]},{\"type\":\"section\",\"props\":{\"animation_delay\":\"200\",\"image_position\":\"center-center\",\"style\":\"default\",\"title_breakpoint\":\"xl\",\"title_position\":\"top-left\",\"title_rotation\":\"left\",\"vertical_align\":\"middle\",\"width\":\"large\"},\"children\":[{\"type\":\"row\",\"children\":[{\"type\":\"column\",\"props\":{\"image_position\":\"center-center\",\"position_sticky_breakpoint\":\"m\"},\"children\":[{\"type\":\"headline\",\"props\":{\"animation\":\"none\",\"content\":\"Per qu\\u00e8 assessoria mediambiental externa?\",\"title_element\":\"h2\"}},{\"type\":\"text\",\"props\":{\"animation\":\"none\",\"column_breakpoint\":\"m\",\"content\":\"\n\n<p>Des de les petites i mitjanes empreses que no poden disposar en plantilla de personal expert multidisciplinar a la tem\\u00e0tica mediambiental, fins a les grans empreses que requereixen un Staff que vetlli sempre per la prevenci\\u00f3 i les millores del seu rendiment ambiental; Ecobur\\u00f3 aporta efectivitat i solucions acords amb les necessitats de cada tipus d'activitat.<\\\/p>\",\"margin\":\"default\"}},{\"type\":\"text\",\"props\":{\"animation\":\"none\",\"column_breakpoint\":\"m\",\"content\":\"\n\n<p>Permeteu-nos actuar com el Departament de Medi Ambient de la vostra empresa, format pel millor equip, que a m\\u00e9s de respondre clarament a les expectatives t\\u00e8cniques i legals, desenvolupa una tasca t\\u00e8cnica impecable.<\\\/p>\",\"margin\":\"default\"}}]}]}]},{\"type\":\"section\",\"props\":{\"animation_delay\":\"200\",\"image_position\":\"center-center\",\"style\":\"muted\",\"title_breakpoint\":\"xl\",\"title_position\":\"top-left\",\"title_rotation\":\"left\",\"vertical_align\":\"middle\",\"width\":\"large\"},\"children\":[{\"type\":\"row\",\"children\":[{\"type\":\"column\",\"props\":{\"image_position\":\"center-center\",\"position_sticky_breakpoint\":\"m\"},\"children\":[{\"type\":\"headline\",\"props\":{\"animation\":\"none\",\"content\":\"Avantatges d'Ecobur\\u00f3\",\"title_color\":\"primary\",\"title_element\":\"h2\"}},{\"type\":\"text\",\"props\":{\"animation\":\"none\",\"column_breakpoint\":\"m\",\"content\":\"\n\n<p>Amb el nostre servei <strong>d'assessoria mediambiental externa<\\\/strong> us proporcionem els avantatges seg\\u00fcents:<\\\/p>\",\"margin\":\"default\"}},{\"type\":\"list\",\"props\":{\"attributes\":\"uk-scrollspy= cls: uk-animation-slide-right-small; repeat: true; delay: 300; target: li;\",\"column_breakpoint\":\"m\",\"icon\":\"check\",\"image_align\":\"left\",\"image_svg_color\":\"emphasis\",\"image_vertical_align\":true,\"list_element\":\"ul\",\"list_horizontal_separator\":\", \",\"list_type\":\"vertical\",\"show_image\":true,\"show_link\":true},\"children\":[{\"type\":\"list_item\",\"props\":{\"content\":\"\n\n<p>Realitzaci\\u00f3 de totes les tramitacions mediambientals i informaci\\u00f3 puntual i regular sobre la seva evoluci\\u00f3 administrativa.<\\\/p>\"}},{\"type\":\"list_item\",\"props\":{\"content\":\"\n\n<p>Sol\\u00b7licitud de permisos, obtenci\\u00f3 i renovaci\\u00f3 de llic\\u00e8ncies ambientals de manera r\\u00e0pida i efica\\u00e7.<\\\/p>\"}},{\"type\":\"list_item\",\"props\":{\"content\":\"\n\n<p>Optimitzaci\\u00f3 dels seus grav\\u00e0mens i tributs relacionats amb el medi ambient.<\\\/p>\"}},{\"type\":\"list_item\",\"props\":{\"content\":\"\n\n<p>Optimitzaci\\u00f3 d'ocupaci\\u00f3 innecess\\u00e0ria de temps del personal altament qualificat a la vostra empresa, en no haver d'emprar-lo en la redacci\\u00f3 projectes, tr\\u00e0mits i informes en resposta a notificacions rebudes de l'Administraci\\u00f3 Ambiental.<\\\/p>\"}},{\"type\":\"list_item\",\"props\":{\"content\":\"\n\n<p>Reducci\\u00f3 en la dedicaci\\u00f3 que ha de prestar a la lectura minuciosa de la complexa normativa mediambiental: Ecobur\\u00f3 li remet comentaris espec\\u00edfics sobre la normativa estrictament d'aplicaci\\u00f3 a la seva empresa i at\\u00e9n totes les seves consultes legals. Ecobur\\u00f3, filtra la informaci\\u00f3 per vost\\u00e8 i evitar consultes a bases inform\\u00e0tiques extenses.<\\\/p>\"}},{\"type\":\"list_item\",\"props\":{\"content\":\"\n\n<p>Efici\\u00e8ncia en el disseny, l'execuci\\u00f3 i la legalitzaci\\u00f3 d'instal\\u00b7lacions mitjan\\u00e7ant enginyeria de projectes especialitzada.<\\\/p>\"}},{\"type\":\"list_item\",\"props\":{\"content\":\"\n\n<p>Actuem com a conseller mediambiental i interlocutor intermediari amb l'Administraci\\u00f3. D'aquesta manera s'eviten possibles errors o equ\\u00edvocs en la comunicaci\\u00f3 de dades i informes; els quals, si no es disposa de la pr\\u00e0ctica necess\\u00e0ria, de vegades poden desfavorir la relaci\\u00f3 amb les diferents compet\\u00e8ncies i portar als resultats inesperats.<\\\/p>\"}}]}]}]}]}],\"version\":\"4.2.11\"} --><\/p>\n","protected":false},"excerpt":{"rendered":"<p>Nosaltres Ecobur\u00f3 \u00e9s una Enginyeria i Consultoria integral t\u00e8cnica, jur\u00eddica i social al camp del Medi Ambient. Disposem d\u00b4un equip d\u00b4experts professionals preparats per a donar una resposta r\u00e0pida, efectiva i econ\u00f2mica al compliment d\u00b4una normativa de protecci\u00f3 ambiental cada vegada m\u00e9s exigent. Enginyeria \u2013 Consultoria integral Compatibilitzem l&#8217;activitat productiva i mercantil amb les exig\u00e8ncies [&hellip;]<\/p>\n","protected":false},"author":1,"featured_media":0,"parent":0,"menu_order":2,"comment_status":"closed","ping_status":"closed","template":"","meta":{"_acf_changed":false,"footnotes":""},"class_list":["post-2018","page","type-page","status-publish","hentry"],"acf":[],"yoast_head":"<!-- This site is optimized with the Yoast SEO plugin v22.9 - https:\/\/yoast.com\/wordpress\/plugins\/seo\/ -->\n<title>Nosaltres - Ecoburo<\/title>\n<meta name=\"robots\" content=\"index, follow, max-snippet:-1, max-image-preview:large, max-video-preview:-1\" \/>\n<link rel=\"canonical\" href=\"https:\/\/ecoburo.com\/ca\/nosaltres\/\" \/>\n<meta property=\"og:locale\" content=\"ca_ES\" \/>\n<meta property=\"og:type\" content=\"article\" \/>\n<meta property=\"og:title\" content=\"Nosaltres - Ecoburo\" \/>\n<meta property=\"og:description\" content=\"Nosaltres Ecobur\u00f3 \u00e9s una Enginyeria i Consultoria integral t\u00e8cnica, jur\u00eddica i social al camp del Medi Ambient. Disposem d\u00b4un equip d\u00b4experts professionals preparats per a donar una resposta r\u00e0pida, efectiva i econ\u00f2mica al compliment d\u00b4una normativa de protecci\u00f3 ambiental cada vegada m\u00e9s exigent. Enginyeria \u2013 Consultoria integral Compatibilitzem l&#8217;activitat productiva i mercantil amb les exig\u00e8ncies [&hellip;]\" \/>\n<meta property=\"og:url\" content=\"https:\/\/ecoburo.com\/ca\/nosaltres\/\" \/>\n<meta property=\"og:site_name\" content=\"Ecoburo\" \/>\n<meta property=\"article:modified_time\" content=\"2024-03-14T15:23:33+00:00\" \/>\n<meta name=\"twitter:card\" content=\"summary_large_image\" \/>\n<meta name=\"twitter:label1\" content=\"Temps estimat de lectura\" \/>\n\t<meta name=\"twitter:data1\" content=\"2 minuts\" \/>\n<script type=\"application\/ld+json\" class=\"yoast-schema-graph\">{\"@context\":\"https:\/\/schema.org\",\"@graph\":[{\"@type\":\"WebPage\",\"@id\":\"https:\/\/ecoburo.com\/ca\/nosaltres\/\",\"url\":\"https:\/\/ecoburo.com\/ca\/nosaltres\/\",\"name\":\"Nosaltres - Ecoburo\",\"isPartOf\":{\"@id\":\"https:\/\/ecoburo.com\/#website\"},\"datePublished\":\"2019-09-05T06:43:56+00:00\",\"dateModified\":\"2024-03-14T15:23:33+00:00\",\"breadcrumb\":{\"@id\":\"https:\/\/ecoburo.com\/ca\/nosaltres\/#breadcrumb\"},\"inLanguage\":\"ca\",\"potentialAction\":[{\"@type\":\"ReadAction\",\"target\":[\"https:\/\/ecoburo.com\/ca\/nosaltres\/\"]}]},{\"@type\":\"BreadcrumbList\",\"@id\":\"https:\/\/ecoburo.com\/ca\/nosaltres\/#breadcrumb\",\"itemListElement\":[{\"@type\":\"ListItem\",\"position\":1,\"name\":\"Portada\",\"item\":\"https:\/\/ecoburo.com\/\"},{\"@type\":\"ListItem\",\"position\":2,\"name\":\"Nosaltres\"}]},{\"@type\":\"WebSite\",\"@id\":\"https:\/\/ecoburo.com\/#website\",\"url\":\"https:\/\/ecoburo.com\/\",\"name\":\"Ecoburo\",\"description\":\"\",\"publisher\":{\"@id\":\"https:\/\/ecoburo.com\/#organization\"},\"potentialAction\":[{\"@type\":\"SearchAction\",\"target\":{\"@type\":\"EntryPoint\",\"urlTemplate\":\"https:\/\/ecoburo.com\/?s={search_term_string}\"},\"query-input\":\"required name=search_term_string\"}],\"inLanguage\":\"ca\"},{\"@type\":\"Organization\",\"@id\":\"https:\/\/ecoburo.com\/#organization\",\"name\":\"Ecoburo\",\"url\":\"https:\/\/ecoburo.com\/\",\"logo\":{\"@type\":\"ImageObject\",\"inLanguage\":\"ca\",\"@id\":\"https:\/\/ecoburo.com\/#\/schema\/logo\/image\/\",\"url\":\"https:\/\/ecoburo.com\/wp-content\/uploads\/2023\/07\/logoecoburo-logo_favicon.png\",\"contentUrl\":\"https:\/\/ecoburo.com\/wp-content\/uploads\/2023\/07\/logoecoburo-logo_favicon.png\",\"width\":252,\"height\":250,\"caption\":\"Ecoburo\"},\"image\":{\"@id\":\"https:\/\/ecoburo.com\/#\/schema\/logo\/image\/\"}}]}<\/script>\n<!-- \/ Yoast SEO plugin. -->","yoast_head_json":{"title":"Nosaltres - Ecoburo","robots":{"index":"index","follow":"follow","max-snippet":"max-snippet:-1","max-image-preview":"max-image-preview:large","max-video-preview":"max-video-preview:-1"},"canonical":"https:\/\/ecoburo.com\/ca\/nosaltres\/","og_locale":"ca_ES","og_type":"article","og_title":"Nosaltres - Ecoburo","og_description":"Nosaltres Ecobur\u00f3 \u00e9s una Enginyeria i Consultoria integral t\u00e8cnica, jur\u00eddica i social al camp del Medi Ambient. Disposem d\u00b4un equip d\u00b4experts professionals preparats per a donar una resposta r\u00e0pida, efectiva i econ\u00f2mica al compliment d\u00b4una normativa de protecci\u00f3 ambiental cada vegada m\u00e9s exigent. Enginyeria \u2013 Consultoria integral Compatibilitzem l&#8217;activitat productiva i mercantil amb les exig\u00e8ncies [&hellip;]","og_url":"https:\/\/ecoburo.com\/ca\/nosaltres\/","og_site_name":"Ecoburo","article_modified_time":"2024-03-14T15:23:33+00:00","twitter_card":"summary_large_image","twitter_misc":{"Temps estimat de lectura":"2 minuts"},"schema":{"@context":"https:\/\/schema.org","@graph":[{"@type":"WebPage","@id":"https:\/\/ecoburo.com\/ca\/nosaltres\/","url":"https:\/\/ecoburo.com\/ca\/nosaltres\/","name":"Nosaltres - Ecoburo","isPartOf":{"@id":"https:\/\/ecoburo.com\/#website"},"datePublished":"2019-09-05T06:43:56+00:00","dateModified":"2024-03-14T15:23:33+00:00","breadcrumb":{"@id":"https:\/\/ecoburo.com\/ca\/nosaltres\/#breadcrumb"},"inLanguage":"ca","potentialAction":[{"@type":"ReadAction","target":["https:\/\/ecoburo.com\/ca\/nosaltres\/"]}]},{"@type":"BreadcrumbList","@id":"https:\/\/ecoburo.com\/ca\/nosaltres\/#breadcrumb","itemListElement":[{"@type":"ListItem","position":1,"name":"Portada","item":"https:\/\/ecoburo.com\/"},{"@type":"ListItem","position":2,"name":"Nosaltres"}]},{"@type":"WebSite","@id":"https:\/\/ecoburo.com\/#website","url":"https:\/\/ecoburo.com\/","name":"Ecoburo","description":"","publisher":{"@id":"https:\/\/ecoburo.com\/#organization"},"potentialAction":[{"@type":"SearchAction","target":{"@type":"EntryPoint","urlTemplate":"https:\/\/ecoburo.com\/?s={search_term_string}"},"query-input":"required name=search_term_string"}],"inLanguage":"ca"},{"@type":"Organization","@id":"https:\/\/ecoburo.com\/#organization","name":"Ecoburo","url":"https:\/\/ecoburo.com\/","logo":{"@type":"ImageObject","inLanguage":"ca","@id":"https:\/\/ecoburo.com\/#\/schema\/logo\/image\/","url":"https:\/\/ecoburo.com\/wp-content\/uploads\/2023\/07\/logoecoburo-logo_favicon.png","contentUrl":"https:\/\/ecoburo.com\/wp-content\/uploads\/2023\/07\/logoecoburo-logo_favicon.png","width":252,"height":250,"caption":"Ecoburo"},"image":{"@id":"https:\/\/ecoburo.com\/#\/schema\/logo\/image\/"}}]}},"_links":{"self":[{"href":"https:\/\/ecoburo.com\/ca\/wp-json\/wp\/v2\/pages\/2018","targetHints":{"allow":["GET"]}}],"collection":[{"href":"https:\/\/ecoburo.com\/ca\/wp-json\/wp\/v2\/pages"}],"about":[{"href":"https:\/\/ecoburo.com\/ca\/wp-json\/wp\/v2\/types\/page"}],"author":[{"embeddable":true,"href":"https:\/\/ecoburo.com\/ca\/wp-json\/wp\/v2\/users\/1"}],"replies":[{"embeddable":true,"href":"https:\/\/ecoburo.com\/ca\/wp-json\/wp\/v2\/comments?post=2018"}],"version-history":[{"count":5,"href":"https:\/\/ecoburo.com\/ca\/wp-json\/wp\/v2\/pages\/2018\/revisions"}],"predecessor-version":[{"id":2300,"href":"https:\/\/ecoburo.com\/ca\/wp-json\/wp\/v2\/pages\/2018\/revisions\/2300"}],"wp:attachment":[{"href":"https:\/\/ecoburo.com\/ca\/wp-json\/wp\/v2\/media?parent=2018"}],"curies":[{"name":"wp","href":"https:\/\/api.w.org\/{rel}","templated":true}]}}